{"id":305,"date":"2016-03-18T18:26:20","date_gmt":"2016-03-19T00:26:20","guid":{"rendered":"http:\/\/carlosbracho.com\/actualidades\/?page_id=305"},"modified":"2016-06-02T20:32:53","modified_gmt":"2016-06-03T01:32:53","slug":"muerte-en-la-azotea","status":"publish","type":"page","link":"https:\/\/carlosbracho.com\/actualidades\/?page_id=305","title":{"rendered":"Muerte en la Azotea"},"content":{"rendered":"<h3><span style=\"color: #ff0000;\"><em>-PRONTO ESTAR\u00c1 A LA VENTA-<\/em><\/span><\/h3>\n<figure id=\"attachment_297\" aria-describedby=\"caption-attachment-297\" style=\"width: 300px\" class=\"wp-caption alignright\"><a href=\"http:\/\/carlosbracho.com\/actualidades\/wp-content\/uploads\/2016\/03\/muerte_azotea_portada.jpg\" rel=\"attachment wp-att-297\"><img loading=\"lazy\" decoding=\"async\" class=\"wp-image-297\" src=\"http:\/\/carlosbracho.com\/actualidades\/wp-content\/uploads\/2016\/03\/muerte_azotea_portada-678x1024.jpg\" alt=\"Muerte en la Azotea\" width=\"300\" height=\"453\" srcset=\"https:\/\/carlosbracho.com\/actualidades\/wp-content\/uploads\/2016\/03\/muerte_azotea_portada-678x1024.jpg 678w, https:\/\/carlosbracho.com\/actualidades\/wp-content\/uploads\/2016\/03\/muerte_azotea_portada-199x300.jpg 199w, https:\/\/carlosbracho.com\/actualidades\/wp-content\/uploads\/2016\/03\/muerte_azotea_portada-768x1160.jpg 768w, https:\/\/carlosbracho.com\/actualidades\/wp-content\/uploads\/2016\/03\/muerte_azotea_portada.jpg 1639w\" sizes=\"auto, (max-width: 300px) 100vw, 300px\" \/><\/a><figcaption id=\"caption-attachment-297\" class=\"wp-caption-text\">Muerte en la Azotea<\/figcaption><\/figure>\n<p>&#8220;Esta una novela que se apoya en la misma vida del escritor que la escribe. El personaje central viaja por los hechos utilizando elementos reales de la cultura y la pol\u00edtica&#8230; Est\u00e1 escrita la novela con claridad y el lector tiene que analizar el pasado siempre surrealista de la patria. La comprensi\u00f3n de la lectura depende de la formaci\u00f3n del lector. Si no se tiene idea precisa del momento hist\u00f3rico que se vive, uno se puede perder en la jungla literaria del autor&#8230; Entonces es una novela compleja, como es la vida misma. El final, la explicaci\u00f3n de palabras, personajes, etc. es muy lindo&#8230; El autor, Bracho, con este libro se pone solito un sticker en la frente. Este sticker es el diploma de escritor de verdad, que muchos escribas no han merecido, ni merecer\u00e1n. (Muerte En La Azotea es una caja de sorpresas que merece muchas lecturas. Cada vez que se lee completa surgen cosas nuevas que aclaran la palabra del buen autor.)&#8221;<\/p>\n<p>Eduardo Rodr\u00edguez Sol\u00eds<br \/>\n<em>Escritor y dramaturgo.<\/em><\/p>\n<p>&nbsp;<\/p>\n","protected":false},"excerpt":{"rendered":"<p>-PRONTO ESTAR\u00c1 A LA VENTA- &#8220;Esta una novela que se apoya en la misma vida del escritor que la escribe. El personaje central viaja por los hechos utilizando elementos reales de la cultura y la pol\u00edtica&#8230; Est\u00e1 escrita la novela <a class=\"more-link\" href=\"https:\/\/carlosbracho.com\/actualidades\/?page_id=305\">Continue reading <span class=\"screen-reader-text\">  Muerte en la Azotea<\/span><span class=\"meta-nav\">&rarr;<\/span><\/a><\/p>\n","protected":false},"author":1,"featured_media":297,"parent":282,"menu_order":1,"comment_status":"closed","ping_status":"closed","template":"page-fullwidth.php","meta":{"footnotes":""},"class_list":["post-305","page","type-page","status-publish","has-post-thumbnail","hentry"],"jetpack_sharing_enabled":true,"jetpack_shortlink":"https:\/\/wp.me\/PedyQz-4V","_links":{"self":[{"href":"https:\/\/carlosbracho.com\/actualidades\/index.php?rest_route=\/wp\/v2\/pages\/305","targetHints":{"allow":["GET"]}}],"collection":[{"href":"https:\/\/carlosbracho.com\/actualidades\/index.php?rest_route=\/wp\/v2\/pages"}],"about":[{"href":"https:\/\/carlosbracho.com\/actualidades\/index.php?rest_route=\/wp\/v2\/types\/page"}],"author":[{"embeddable":true,"href":"https:\/\/carlosbracho.com\/actualidades\/index.php?rest_route=\/wp\/v2\/users\/1"}],"replies":[{"embeddable":true,"href":"https:\/\/carlosbracho.com\/actualidades\/index.php?rest_route=%2Fwp%2Fv2%2Fcomments&post=305"}],"version-history":[{"count":10,"href":"https:\/\/carlosbracho.com\/actualidades\/index.php?rest_route=\/wp\/v2\/pages\/305\/revisions"}],"predecessor-version":[{"id":350,"href":"https:\/\/carlosbracho.com\/actualidades\/index.php?rest_route=\/wp\/v2\/pages\/305\/revisions\/350"}],"up":[{"embeddable":true,"href":"https:\/\/carlosbracho.com\/actualidades\/index.php?rest_route=\/wp\/v2\/pages\/282"}],"wp:featuredmedia":[{"embeddable":true,"href":"https:\/\/carlosbracho.com\/actualidades\/index.php?rest_route=\/wp\/v2\/media\/297"}],"wp:attachment":[{"href":"https:\/\/carlosbracho.com\/actualidades\/index.php?rest_route=%2Fwp%2Fv2%2Fmedia&parent=305"}],"curies":[{"name":"wp","href":"https:\/\/api.w.org\/{rel}","templated":true}]}}