{"id":339,"date":"2016-03-21T16:24:05","date_gmt":"2016-03-21T22:24:05","guid":{"rendered":"http:\/\/carlosbracho.com\/actualidades\/?page_id=339"},"modified":"2016-06-02T20:33:38","modified_gmt":"2016-06-03T01:33:38","slug":"cuentos-cinicos","status":"publish","type":"page","link":"http:\/\/carlosbracho.com\/actualidades\/?page_id=339","title":{"rendered":"Cuentos C\u00ednicos"},"content":{"rendered":"<figure id=\"attachment_291\" aria-describedby=\"caption-attachment-291\" style=\"width: 300px\" class=\"wp-caption alignright\"><a href=\"http:\/\/carlosbracho.com\/actualidades\/wp-content\/uploads\/2016\/03\/CuentosCi\u0301nicos.jpg\" rel=\"attachment wp-att-291\"><img loading=\"lazy\" decoding=\"async\" class=\"wp-image-291\" src=\"http:\/\/carlosbracho.com\/actualidades\/wp-content\/uploads\/2016\/03\/CuentosCi\u0301nicos-194x300.jpg\" alt=\"Cuentos C\u00ednicos\" width=\"300\" height=\"465\" srcset=\"http:\/\/carlosbracho.com\/actualidades\/wp-content\/uploads\/2016\/03\/CuentosCi\u0301nicos-194x300.jpg 194w, http:\/\/carlosbracho.com\/actualidades\/wp-content\/uploads\/2016\/03\/CuentosCi\u0301nicos-768x1190.jpg 768w, http:\/\/carlosbracho.com\/actualidades\/wp-content\/uploads\/2016\/03\/CuentosCi\u0301nicos-661x1024.jpg 661w, http:\/\/carlosbracho.com\/actualidades\/wp-content\/uploads\/2016\/03\/CuentosCi\u0301nicos.jpg 1206w\" sizes=\"auto, (max-width: 300px) 100vw, 300px\" \/><\/a><figcaption id=\"caption-attachment-291\" class=\"wp-caption-text\">Cuentos C\u00ednicos<\/figcaption><\/figure>\n<p>&#8220;Los <em>Cuentos C\u00ednicos<\/em> son circulares.<\/p>\n<p>Hay una mal\u00e9vola camarader\u00eda entre ellos, adem\u00e1s deldesbordante placer sensual y er\u00f3tico de los que se nutre cada uno de los hilos de las historias; placer sibarita, siempre refinado y elegante&#8230;<\/p>\n<p>La sensualidad ha llegado a su fin. El personaje se ha bifurcado y se ha convertido en un ser pusil\u00e1nime, roto. Es entonces cuando de la pluma de Carlos Bracho brota un manantial de gran calidad literaria.&#8221;<\/p>\n<p><span class=\"PieDatosAutor\">Dra. Susana Arroyo-Furphy <\/span><br \/>\n<i class=\"DatosAutorNumero\">Honorary Researcher Consultant<br \/>\n<\/i><em>The University of Queensland<\/em><\/p>\n<p>&nbsp;<\/p>\n","protected":false},"excerpt":{"rendered":"<p>&#8220;Los Cuentos C\u00ednicos son circulares. Hay una mal\u00e9vola camarader\u00eda entre ellos, adem\u00e1s deldesbordante placer sensual y er\u00f3tico de los que se nutre cada uno de los hilos de las historias; placer sibarita, siempre refinado y elegante&#8230; La sensualidad ha llegado <a class=\"more-link\" href=\"http:\/\/carlosbracho.com\/actualidades\/?page_id=339\">Continue reading <span class=\"screen-reader-text\">  Cuentos C\u00ednicos<\/span><span class=\"meta-nav\">&rarr;<\/span><\/a><\/p>\n","protected":false},"author":1,"featured_media":291,"parent":282,"menu_order":3,"comment_status":"closed","ping_status":"closed","template":"page-fullwidth.php","meta":{"footnotes":""},"class_list":["post-339","page","type-page","status-publish","has-post-thumbnail","hentry"],"jetpack_sharing_enabled":true,"jetpack_shortlink":"https:\/\/wp.me\/PedyQz-5t","_links":{"self":[{"href":"http:\/\/carlosbracho.com\/actualidades\/index.php?rest_route=\/wp\/v2\/pages\/339","targetHints":{"allow":["GET"]}}],"collection":[{"href":"http:\/\/carlosbracho.com\/actualidades\/index.php?rest_route=\/wp\/v2\/pages"}],"about":[{"href":"http:\/\/carlosbracho.com\/actualidades\/index.php?rest_route=\/wp\/v2\/types\/page"}],"author":[{"embeddable":true,"href":"http:\/\/carlosbracho.com\/actualidades\/index.php?rest_route=\/wp\/v2\/users\/1"}],"replies":[{"embeddable":true,"href":"http:\/\/carlosbracho.com\/actualidades\/index.php?rest_route=%2Fwp%2Fv2%2Fcomments&post=339"}],"version-history":[{"count":4,"href":"http:\/\/carlosbracho.com\/actualidades\/index.php?rest_route=\/wp\/v2\/pages\/339\/revisions"}],"predecessor-version":[{"id":343,"href":"http:\/\/carlosbracho.com\/actualidades\/index.php?rest_route=\/wp\/v2\/pages\/339\/revisions\/343"}],"up":[{"embeddable":true,"href":"http:\/\/carlosbracho.com\/actualidades\/index.php?rest_route=\/wp\/v2\/pages\/282"}],"wp:featuredmedia":[{"embeddable":true,"href":"http:\/\/carlosbracho.com\/actualidades\/index.php?rest_route=\/wp\/v2\/media\/291"}],"wp:attachment":[{"href":"http:\/\/carlosbracho.com\/actualidades\/index.php?rest_route=%2Fwp%2Fv2%2Fmedia&parent=339"}],"curies":[{"name":"wp","href":"https:\/\/api.w.org\/{rel}","templated":true}]}}