{"id":282,"date":"2016-03-18T17:24:21","date_gmt":"2016-03-18T23:24:21","guid":{"rendered":"http:\/\/carlosbracho.com\/actualidades\/?page_id=282"},"modified":"2020-08-20T19:14:30","modified_gmt":"2020-08-21T00:14:30","slug":"los-libros-de-carlos-bracho","status":"publish","type":"page","link":"http:\/\/carlosbracho.com\/actualidades\/?page_id=282","title":{"rendered":"Los Libros de Carlos Bracho"},"content":{"rendered":"\n<h2 class=\"wp-block-heading\"><strong>Libros publicados por Carlos Bracho.<\/strong><\/h2>\n\n\n\n<h4 class=\"wp-block-heading\">La Misi\u00f3n de los Vencidos 2019<\/h4>\n\n\n\n<p> <img loading=\"lazy\" decoding=\"async\" width=\"150\" height=\"225\" class=\"wp-image-452\" style=\"width: 150px;\" src=\"http:\/\/carlosbracho.com\/actualidades\/wp-content\/uploads\/2019\/10\/mision-de-los-vencidos-portada.png\" alt=\"portada libro la misi\u00f3n de los venvidos\" srcset=\"http:\/\/carlosbracho.com\/actualidades\/wp-content\/uploads\/2019\/10\/mision-de-los-vencidos-portada.png 511w, http:\/\/carlosbracho.com\/actualidades\/wp-content\/uploads\/2019\/10\/mision-de-los-vencidos-portada-200x300.png 200w\" sizes=\"auto, (max-width: 150px) 100vw, 150px\" \/><\/p>\n\n\n\n<h4 class=\"wp-block-heading\">Los Muertos Hablan<\/h4>\n\n\n\n<p><img loading=\"lazy\" decoding=\"async\" width=\"150\" height=\"220\" class=\"wp-image-456\" style=\"width: 150px;\" src=\"http:\/\/carlosbracho.com\/actualidades\/wp-content\/uploads\/2019\/10\/los-muertos-hablan.jpg\" alt=\"\" srcset=\"http:\/\/carlosbracho.com\/actualidades\/wp-content\/uploads\/2019\/10\/los-muertos-hablan.jpg 873w, http:\/\/carlosbracho.com\/actualidades\/wp-content\/uploads\/2019\/10\/los-muertos-hablan-205x300.jpg 205w, http:\/\/carlosbracho.com\/actualidades\/wp-content\/uploads\/2019\/10\/los-muertos-hablan-768x1126.jpg 768w, http:\/\/carlosbracho.com\/actualidades\/wp-content\/uploads\/2019\/10\/los-muertos-hablan-698x1024.jpg 698w\" sizes=\"auto, (max-width: 150px) 100vw, 150px\" \/><\/p>\n\n\n\n<h4 class=\"wp-block-heading\"><a href=\"http:\/\/carlosbracho.com\/actualidades\/?page_id=305\">Muerte en la Azotea. 2016 Editorial Benma. ISBN 9786079683290<\/a><\/h4>\n\n\n\n<p><img loading=\"lazy\" decoding=\"async\" width=\"150\" height=\"227\" class=\"wp-image-297\" style=\"width: 150px;\" src=\"http:\/\/carlosbracho.com\/actualidades\/wp-content\/uploads\/2016\/03\/muerte_azotea_portada.jpg\" alt=\"Muerte en la Azotea\" srcset=\"http:\/\/carlosbracho.com\/actualidades\/wp-content\/uploads\/2016\/03\/muerte_azotea_portada.jpg 1639w, http:\/\/carlosbracho.com\/actualidades\/wp-content\/uploads\/2016\/03\/muerte_azotea_portada-199x300.jpg 199w, http:\/\/carlosbracho.com\/actualidades\/wp-content\/uploads\/2016\/03\/muerte_azotea_portada-768x1160.jpg 768w, http:\/\/carlosbracho.com\/actualidades\/wp-content\/uploads\/2016\/03\/muerte_azotea_portada-678x1024.jpg 678w\" sizes=\"auto, (max-width: 150px) 100vw, 150px\" \/><\/p>\n\n\n\n<h4 class=\"wp-block-heading\"><a href=\"http:\/\/carlosbracho.com\/actualidades\/?page_id=332\"><strong>La Lujur\u00eda del Gourmet. <\/strong>2015 Editorial Benma. ISBN 9786079683214<\/a><\/h4>\n\n\n\n<p><img loading=\"lazy\" decoding=\"async\" width=\"150\" height=\"227\" class=\"wp-image-283\" style=\"width: 150px;\" src=\"http:\/\/carlosbracho.com\/actualidades\/wp-content\/uploads\/2016\/03\/LUJURIA-PORTADAb.jpg\" alt=\"La Lujuria del Gourmet\" srcset=\"http:\/\/carlosbracho.com\/actualidades\/wp-content\/uploads\/2016\/03\/LUJURIA-PORTADAb.jpg 1055w, http:\/\/carlosbracho.com\/actualidades\/wp-content\/uploads\/2016\/03\/LUJURIA-PORTADAb-198x300.jpg 198w, http:\/\/carlosbracho.com\/actualidades\/wp-content\/uploads\/2016\/03\/LUJURIA-PORTADAb-768x1165.jpg 768w, http:\/\/carlosbracho.com\/actualidades\/wp-content\/uploads\/2016\/03\/LUJURIA-PORTADAb-675x1024.jpg 675w\" sizes=\"auto, (max-width: 150px) 100vw, 150px\" \/><\/p>\n\n\n\n<h4 class=\"wp-block-heading\"><strong>Cuentos C\u00ednicos. <\/strong>Primera publicaci\u00f3n 1997. Editorial Selector<\/h4>\n\n\n\n<p><img loading=\"lazy\" decoding=\"async\" width=\"150\" height=\"232\" class=\"wp-image-475\" style=\"width: 150px;\" src=\"http:\/\/carlosbracho.com\/actualidades\/wp-content\/uploads\/2020\/08\/CuentosC\u00ednicos.jpg\" alt=\"Libro Cuentos C\u00ednicos\" srcset=\"http:\/\/carlosbracho.com\/actualidades\/wp-content\/uploads\/2020\/08\/CuentosC\u00ednicos.jpg 1206w, http:\/\/carlosbracho.com\/actualidades\/wp-content\/uploads\/2020\/08\/CuentosC\u00ednicos-194x300.jpg 194w, http:\/\/carlosbracho.com\/actualidades\/wp-content\/uploads\/2020\/08\/CuentosC\u00ednicos-768x1190.jpg 768w, http:\/\/carlosbracho.com\/actualidades\/wp-content\/uploads\/2020\/08\/CuentosC\u00ednicos-661x1024.jpg 661w\" sizes=\"auto, (max-width: 150px) 100vw, 150px\" \/><\/p>\n\n\n\n<h4 class=\"wp-block-heading\"><strong>Cuentos C\u00ednicos<\/strong>  Versi\u00f3n iTunes store<\/h4>\n\n\n\n<p><img loading=\"lazy\" decoding=\"async\" width=\"150\" height=\"216\" class=\"wp-image-289\" style=\"width: 150px;\" src=\"http:\/\/carlosbracho.com\/actualidades\/wp-content\/uploads\/2016\/03\/cuentos_cinicos.jpg\" alt=\"\" srcset=\"http:\/\/carlosbracho.com\/actualidades\/wp-content\/uploads\/2016\/03\/cuentos_cinicos.jpg 317w, http:\/\/carlosbracho.com\/actualidades\/wp-content\/uploads\/2016\/03\/cuentos_cinicos-209x300.jpg 209w\" sizes=\"auto, (max-width: 150px) 100vw, 150px\" \/><\/p>\n","protected":false},"excerpt":{"rendered":"<p>Libros publicados por Carlos Bracho. La Misi\u00f3n de los Vencidos 2019 Los Muertos Hablan Muerte en la Azotea. 2016 Editorial Benma. ISBN 9786079683290 La Lujur\u00eda del Gourmet. 2015 Editorial Benma. ISBN 9786079683214 Cuentos C\u00ednicos. Primera publicaci\u00f3n 1997. Editorial Selector Cuentos <a class=\"more-link\" href=\"http:\/\/carlosbracho.com\/actualidades\/?page_id=282\">Continue reading <span class=\"screen-reader-text\">  Los Libros de Carlos Bracho<\/span><span class=\"meta-nav\">&rarr;<\/span><\/a><\/p>\n","protected":false},"author":1,"featured_media":0,"parent":0,"menu_order":1,"comment_status":"closed","ping_status":"closed","template":"page-fullwidth.php","meta":{"footnotes":""},"class_list":["post-282","page","type-page","status-publish","hentry"],"jetpack_sharing_enabled":true,"jetpack_shortlink":"https:\/\/wp.me\/PedyQz-4y","_links":{"self":[{"href":"http:\/\/carlosbracho.com\/actualidades\/index.php?rest_route=\/wp\/v2\/pages\/282","targetHints":{"allow":["GET"]}}],"collection":[{"href":"http:\/\/carlosbracho.com\/actualidades\/index.php?rest_route=\/wp\/v2\/pages"}],"about":[{"href":"http:\/\/carlosbracho.com\/actualidades\/index.php?rest_route=\/wp\/v2\/types\/page"}],"author":[{"embeddable":true,"href":"http:\/\/carlosbracho.com\/actualidades\/index.php?rest_route=\/wp\/v2\/users\/1"}],"replies":[{"embeddable":true,"href":"http:\/\/carlosbracho.com\/actualidades\/index.php?rest_route=%2Fwp%2Fv2%2Fcomments&post=282"}],"version-history":[{"count":25,"href":"http:\/\/carlosbracho.com\/actualidades\/index.php?rest_route=\/wp\/v2\/pages\/282\/revisions"}],"predecessor-version":[{"id":476,"href":"http:\/\/carlosbracho.com\/actualidades\/index.php?rest_route=\/wp\/v2\/pages\/282\/revisions\/476"}],"wp:attachment":[{"href":"http:\/\/carlosbracho.com\/actualidades\/index.php?rest_route=%2Fwp%2Fv2%2Fmedia&parent=282"}],"curies":[{"name":"wp","href":"https:\/\/api.w.org\/{rel}","templated":true}]}}