{"id":2,"date":"2009-11-13T14:00:30","date_gmt":"2009-11-13T20:00:30","guid":{"rendered":"http:\/\/carlosbracho.com\/actualidades\/\/?page_id=2"},"modified":"2022-08-30T14:20:44","modified_gmt":"2022-08-30T19:20:44","slug":"about","status":"publish","type":"page","link":"http:\/\/carlosbracho.com\/actualidades\/","title":{"rendered":"Aqu\u00ed encontrar\u00e1s eventos que realiza Carlos Bracho, as\u00ed como los editoriales y libros."},"content":{"rendered":"<p>Durante todo el a\u00f1o Carlos ofrece conferencias sobre diversos t\u00f3picos pol\u00edticos y culturales, exponiendo un punto de vista fresco y progresivo.<\/p>\n<p>Ver a Carlos Bracho en vivo es siempre una experiencia cultural muy interesante, no te la pierdas, visita esta secci\u00f3n mes a mes o cada semana, para ver que actividad te puede interesar.<\/p>\n<p><a href=\"http:\/\/carlosbracho.com\/actualidades\/wp-content\/uploads\/2015\/02\/20080617_carlos_bracho.gif\"><img loading=\"lazy\" decoding=\"async\" class=\" wp-image-231 alignleft\" src=\"http:\/\/carlosbracho.com\/actualidades\/wp-content\/uploads\/2015\/02\/20080617_carlos_bracho.gif\" alt=\"Carlos Bracho\" width=\"392\" height=\"241\" \/><\/a>Gracias por tu visita.<\/p>\n<p>&nbsp;<\/p>\n<p style=\"font-family: Verdana, Arial, Helvetica, sans-serif; font-size: 11px; font-style: normal; font-weight: normal; color: #ffffff; text-decoration: none; text-align: justify; float: none; padding: 0px;\"><strong>Visita esta p\u00e1gina regularmente, Carlos siempre est\u00e1 haciendo algo nuevo.<\/strong><\/p>\n","protected":false},"excerpt":{"rendered":"<p>Durante todo el a\u00f1o Carlos ofrece conferencias sobre diversos t\u00f3picos pol\u00edticos y culturales, exponiendo un punto de vista fresco y progresivo. Ver a Carlos Bracho en vivo es siempre una experiencia cultural muy interesante, no te la pierdas, visita esta <a class=\"more-link\" href=\"http:\/\/carlosbracho.com\/actualidades\/\">Continue reading <span class=\"screen-reader-text\">  Aqu\u00ed encontrar\u00e1s eventos que realiza Carlos Bracho, as\u00ed como los editoriales y libros.<\/span><span class=\"meta-nav\">&rarr;<\/span><\/a><\/p>\n","protected":false},"author":1,"featured_media":231,"parent":0,"menu_order":1,"comment_status":"closed","ping_status":"closed","template":"","meta":{"footnotes":""},"class_list":["post-2","page","type-page","status-publish","has-post-thumbnail","hentry"],"jetpack_sharing_enabled":true,"jetpack_shortlink":"https:\/\/wp.me\/PedyQz-2","_links":{"self":[{"href":"http:\/\/carlosbracho.com\/actualidades\/index.php?rest_route=\/wp\/v2\/pages\/2","targetHints":{"allow":["GET"]}}],"collection":[{"href":"http:\/\/carlosbracho.com\/actualidades\/index.php?rest_route=\/wp\/v2\/pages"}],"about":[{"href":"http:\/\/carlosbracho.com\/actualidades\/index.php?rest_route=\/wp\/v2\/types\/page"}],"author":[{"embeddable":true,"href":"http:\/\/carlosbracho.com\/actualidades\/index.php?rest_route=\/wp\/v2\/users\/1"}],"replies":[{"embeddable":true,"href":"http:\/\/carlosbracho.com\/actualidades\/index.php?rest_route=%2Fwp%2Fv2%2Fcomments&post=2"}],"version-history":[{"count":12,"href":"http:\/\/carlosbracho.com\/actualidades\/index.php?rest_route=\/wp\/v2\/pages\/2\/revisions"}],"predecessor-version":[{"id":552,"href":"http:\/\/carlosbracho.com\/actualidades\/index.php?rest_route=\/wp\/v2\/pages\/2\/revisions\/552"}],"wp:featuredmedia":[{"embeddable":true,"href":"http:\/\/carlosbracho.com\/actualidades\/index.php?rest_route=\/wp\/v2\/media\/231"}],"wp:attachment":[{"href":"http:\/\/carlosbracho.com\/actualidades\/index.php?rest_route=%2Fwp%2Fv2%2Fmedia&parent=2"}],"curies":[{"name":"wp","href":"https:\/\/api.w.org\/{rel}","templated":true}]}}